{"id":9,"date":"2018-04-16T12:57:35","date_gmt":"2018-04-16T12:57:35","guid":{"rendered":"http:\/\/kisszoltanerdogazdalkodo.hu\/?page_id=9"},"modified":"2018-04-16T12:57:35","modified_gmt":"2018-04-16T12:57:35","slug":"elerhetoseg","status":"publish","type":"page","link":"http:\/\/kisszoltanerdogazdalkodo.hu\/?page_id=9","title":{"rendered":"El\u00e9rhet\u0151s\u00e9g"},"content":{"rendered":"<p>Ez egy n\u00e9h\u00e1ny kapcsolati adatot, mint pl. c\u00edm, telefonsz\u00e1m, tartalmaz\u00f3 oldal. Lehet b\u0151v\u00edtm\u00e9nyt is haszn\u00e1lni egy kapcsolati \u0171rlap beilleszt\u00e9s\u00e9hez.<\/p>\n","protected":false},"excerpt":{"rendered":"<p>Ez egy n\u00e9h\u00e1ny kapcsolati adatot, mint pl. c\u00edm, telefonsz\u00e1m, tartalmaz\u00f3 oldal. Lehet b\u0151v\u00edtm\u00e9nyt is haszn\u00e1lni egy kapcsolati \u0171rlap beilleszt\u00e9s\u00e9hez.<\/p>\n","protected":false},"author":1,"featured_media":4,"parent":0,"menu_order":0,"comment_status":"closed","ping_status":"closed","template":"","meta":{"footnotes":""},"class_list":["post-9","page","type-page","status-publish","has-post-thumbnail","hentry"],"_links":{"self":[{"href":"http:\/\/kisszoltanerdogazdalkodo.hu\/index.php?rest_route=\/wp\/v2\/pages\/9","targetHints":{"allow":["GET"]}}],"collection":[{"href":"http:\/\/kisszoltanerdogazdalkodo.hu\/index.php?rest_route=\/wp\/v2\/pages"}],"about":[{"href":"http:\/\/kisszoltanerdogazdalkodo.hu\/index.php?rest_route=\/wp\/v2\/types\/page"}],"author":[{"embeddable":true,"href":"http:\/\/kisszoltanerdogazdalkodo.hu\/index.php?rest_route=\/wp\/v2\/users\/1"}],"replies":[{"embeddable":true,"href":"http:\/\/kisszoltanerdogazdalkodo.hu\/index.php?rest_route=%2Fwp%2Fv2%2Fcomments&post=9"}],"version-history":[{"count":1,"href":"http:\/\/kisszoltanerdogazdalkodo.hu\/index.php?rest_route=\/wp\/v2\/pages\/9\/revisions"}],"predecessor-version":[{"id":15,"href":"http:\/\/kisszoltanerdogazdalkodo.hu\/index.php?rest_route=\/wp\/v2\/pages\/9\/revisions\/15"}],"wp:featuredmedia":[{"embeddable":true,"href":"http:\/\/kisszoltanerdogazdalkodo.hu\/index.php?rest_route=\/wp\/v2\/media\/4"}],"wp:attachment":[{"href":"http:\/\/kisszoltanerdogazdalkodo.hu\/index.php?rest_route=%2Fwp%2Fv2%2Fmedia&parent=9"}],"curies":[{"name":"wp","href":"https:\/\/api.w.org\/{rel}","templated":true}]}}