{"id":8,"date":"2018-04-16T12:57:35","date_gmt":"2018-04-16T12:57:35","guid":{"rendered":"http:\/\/kisszoltanerdogazdalkodo.hu\/?page_id=8"},"modified":"2018-04-16T12:57:35","modified_gmt":"2018-04-16T12:57:35","slug":"nevjegy","status":"publish","type":"page","link":"http:\/\/kisszoltanerdogazdalkodo.hu\/?page_id=8","title":{"rendered":"N\u00e9vjegy"},"content":{"rendered":"<p>Egy m\u0171v\u00e9szember itt is bemutathatja mag\u00e1t, a munk\u00e1it, vagy egy \u00fczletember a a v\u00e1llalkoz\u00e1s\u00e1t, k\u00fcldet\u00e9s\u00e9t \u00edrhatja ide.<\/p>\n","protected":false},"excerpt":{"rendered":"<p>Egy m\u0171v\u00e9szember itt is bemutathatja mag\u00e1t, a munk\u00e1it, vagy egy \u00fczletember a a v\u00e1llalkoz\u00e1s\u00e1t, k\u00fcldet\u00e9s\u00e9t \u00edrhatja ide.<\/p>\n","protected":false},"author":1,"featured_media":5,"parent":0,"menu_order":0,"comment_status":"closed","ping_status":"closed","template":"","meta":{"footnotes":""},"class_list":["post-8","page","type-page","status-publish","has-post-thumbnail","hentry"],"_links":{"self":[{"href":"http:\/\/kisszoltanerdogazdalkodo.hu\/index.php?rest_route=\/wp\/v2\/pages\/8","targetHints":{"allow":["GET"]}}],"collection":[{"href":"http:\/\/kisszoltanerdogazdalkodo.hu\/index.php?rest_route=\/wp\/v2\/pages"}],"about":[{"href":"http:\/\/kisszoltanerdogazdalkodo.hu\/index.php?rest_route=\/wp\/v2\/types\/page"}],"author":[{"embeddable":true,"href":"http:\/\/kisszoltanerdogazdalkodo.hu\/index.php?rest_route=\/wp\/v2\/users\/1"}],"replies":[{"embeddable":true,"href":"http:\/\/kisszoltanerdogazdalkodo.hu\/index.php?rest_route=%2Fwp%2Fv2%2Fcomments&post=8"}],"version-history":[{"count":1,"href":"http:\/\/kisszoltanerdogazdalkodo.hu\/index.php?rest_route=\/wp\/v2\/pages\/8\/revisions"}],"predecessor-version":[{"id":14,"href":"http:\/\/kisszoltanerdogazdalkodo.hu\/index.php?rest_route=\/wp\/v2\/pages\/8\/revisions\/14"}],"wp:featuredmedia":[{"embeddable":true,"href":"http:\/\/kisszoltanerdogazdalkodo.hu\/index.php?rest_route=\/wp\/v2\/media\/5"}],"wp:attachment":[{"href":"http:\/\/kisszoltanerdogazdalkodo.hu\/index.php?rest_route=%2Fwp%2Fv2%2Fmedia&parent=8"}],"curies":[{"name":"wp","href":"https:\/\/api.w.org\/{rel}","templated":true}]}}